{"id":407,"date":"2024-07-13T11:21:34","date_gmt":"2024-07-13T09:21:34","guid":{"rendered":"https:\/\/autoecolesabine.com\/?page_id=407"},"modified":"2024-07-13T15:55:31","modified_gmt":"2024-07-13T13:55:31","slug":"label","status":"publish","type":"page","link":"https:\/\/autoecolesabine.com\/index.php\/label\/","title":{"rendered":"Label"},"content":{"rendered":"\n<p><strong>Retrouvez ici tous les documents concernant notre label que vous pouvez t\u00e9l\u00e9charger et imprimer.<\/strong><\/p>\n\n\n\n<p><a href=\"http:\/\/autoecolesabine.com\/wp-content\/uploads\/2024\/07\/1.2-DEROULEMENT-EXAMEN-B.pdf\"><strong>1.2 D\u00e9roulement Examen B  &gt;&gt;&gt;Cliquez ici&lt;&lt;&lt;<\/strong><\/a><\/p>\n\n\n\n<p><a href=\"http:\/\/autoecolesabine.com\/wp-content\/uploads\/2024\/07\/1.2-deroulement-examen-code-de-la-route.pdf\"><strong>1.2 D\u00e9roulement Examen du Code de la route  &gt;&gt;&gt;Cliquez ici&lt;&lt;&lt;<\/strong><\/a><\/p>\n\n\n\n<p><a href=\"http:\/\/autoecolesabine.com\/wp-content\/uploads\/2024\/07\/1.2-enjeux.pdf\" data-type=\"URL\" data-id=\"http:\/\/autoecolesabine.com\/wp-content\/uploads\/2024\/07\/1.2-enjeux.pdf\"><strong>1.2 Enjeux  &gt;&gt;&gt;Cliquez ici&lt;&lt;&lt;<\/strong><\/a><\/p>\n\n\n\n<p><a href=\"http:\/\/autoecolesabine.com\/wp-content\/uploads\/2024\/07\/1.2-PARCOURS-FORMATION.pdf\" data-type=\"URL\" data-id=\"http:\/\/autoecolesabine.com\/wp-content\/uploads\/2024\/07\/1.2-PARCOURS-FORMATION.pdf\"><strong>1.2 Parcours Formation  &gt;&gt;&gt;Cliquez ici&lt;&lt;&lt;<\/strong><\/a><\/p>\n\n\n\n<p><a href=\"http:\/\/autoecolesabine.com\/wp-content\/uploads\/2024\/07\/1.2-PREPARER-MON-PERMIS.pdf\" data-type=\"URL\" data-id=\"http:\/\/autoecolesabine.com\/wp-content\/uploads\/2024\/07\/1.2-PREPARER-MON-PERMIS.pdf\"><strong>1.2 Pr\u00e9parer mon permis  &gt;&gt;&gt;Cliquez ici&lt;&lt;&lt;<\/strong><\/a><\/p>\n\n\n\n<p><a href=\"http:\/\/autoecolesabine.com\/wp-content\/uploads\/2024\/07\/1.2-PROGRAMME-FORMATION-BA-CS.pdf\" data-type=\"URL\" data-id=\"http:\/\/autoecolesabine.com\/wp-content\/uploads\/2024\/07\/1.2-PROGRAMME-FORMATION-BA-CS.pdf\"><strong>1.2 Programme formation BA CS  &gt;&gt;&gt;Cliquez ici&lt;&lt;&lt;<\/strong><\/a><\/p>\n\n\n\n<p><a href=\"http:\/\/autoecolesabine.com\/wp-content\/uploads\/2024\/07\/1.2-programme-formation-code.pdf\" data-type=\"URL\" data-id=\"http:\/\/autoecolesabine.com\/wp-content\/uploads\/2024\/07\/1.2-programme-formation-code.pdf\"><strong>1.2 Programme formation code  &gt;&gt;&gt;Cliquez ici&lt;&lt;&lt;<\/strong><\/a><\/p>\n\n\n\n<p><a href=\"http:\/\/autoecolesabine.com\/wp-content\/uploads\/2024\/07\/1.3-reglement_interieur.pdf\" data-type=\"URL\" data-id=\"http:\/\/autoecolesabine.com\/wp-content\/uploads\/2024\/07\/1.3-reglement_interieur.pdf\"><strong>1.3 R\u00e8glement int\u00e9rieur  &gt;&gt;&gt;Cliquez ici&lt;&lt;&lt;<\/strong><\/a><\/p>\n\n\n\n<p><a href=\"http:\/\/autoecolesabine.com\/wp-content\/uploads\/2024\/07\/1.6-POST-PERMIS.pdf\" data-type=\"URL\" data-id=\"http:\/\/autoecolesabine.com\/wp-content\/uploads\/2024\/07\/1.6-POST-PERMIS.pdf\"><strong>1.6 Post Permis  &gt;&gt;&gt;Cliquez ici&lt;&lt;&lt;<\/strong><\/a><\/p>\n\n\n\n<p><a href=\"http:\/\/autoecolesabine.com\/wp-content\/uploads\/2024\/07\/1.7-AAC-CSUP.pdf\" data-type=\"URL\" data-id=\"http:\/\/autoecolesabine.com\/wp-content\/uploads\/2024\/07\/1.7-AAC-CSUP.pdf\"><strong>1.7 AAC CSUP  &gt;&gt;&gt;Cliquez ici&lt;&lt;&lt;<\/strong><\/a><\/p>\n\n\n\n<p><a href=\"http:\/\/autoecolesabine.com\/wp-content\/uploads\/2024\/07\/2.2-EVAL-DE-DEPART.pdf\" data-type=\"URL\" data-id=\"http:\/\/autoecolesabine.com\/wp-content\/uploads\/2024\/07\/2.2-EVAL-DE-DEPART.pdf\"><strong>2.2 \u00c9valuation de d\u00e9part  &gt;&gt;&gt;Cliquez ici&lt;&lt;&lt;<\/strong><\/a><\/p>\n\n\n\n<p><strong><a href=\"http:\/\/autoecolesabine.com\/wp-content\/uploads\/2024\/07\/3.1-MODALITES-COURS-CODE-ET-PRATIQUE.pdf\" data-type=\"URL\" data-id=\"http:\/\/autoecolesabine.com\/wp-content\/uploads\/2024\/07\/3.1-MODALITES-COURS-CODE-ET-PRATIQUE.pdf\">3.1 Modalit\u00e9s cours de code et pratique  >>>Cliquez ici&lt;&lt;&lt;<\/a><\/strong><\/p>\n\n\n\n<p><a href=\"http:\/\/autoecolesabine.com\/wp-content\/uploads\/2024\/07\/7.4-RECLAMATION.pdf\" data-type=\"URL\" data-id=\"http:\/\/autoecolesabine.com\/wp-content\/uploads\/2024\/07\/7.4-RECLAMATION.pdf\"><strong>7.4 R\u00e9clamation  &gt;&gt;&gt;Cliquez ici&lt;&lt;&lt;<\/strong><\/a><\/p>\n<div id=\"themify_builder_content-407\" data-postid=\"407\" class=\"themify_builder_content themify_builder_content-407 themify_builder\">\n\n    <\/div>\n<!-- \/themify_builder_content -->","protected":false},"excerpt":{"rendered":"<p>Retrouvez ici tous les documents concernant notre label que vous pouvez t\u00e9l\u00e9charger et imprimer. 1.2 D\u00e9roulement Examen B &gt;&gt;&gt;Cliquez ici&lt;&lt;&lt; 1.2 D\u00e9roulement Examen du Code de la route &gt;&gt;&gt;Cliquez ici&lt;&lt;&lt; 1.2 Enjeux &gt;&gt;&gt;Cliquez ici&lt;&lt;&lt; 1.2 Parcours Formation &gt;&gt;&gt;Cliquez ici&lt;&lt;&lt; 1.2 Pr\u00e9parer mon permis &gt;&gt;&gt;Cliquez ici&lt;&lt;&lt; 1.2 Programme formation BA CS &gt;&gt;&gt;Cliquez ici&lt;&lt;&lt; 1.2 Programme formation [&hellip;]<\/p>\n","protected":false},"author":1,"featured_media":0,"parent":0,"menu_order":0,"comment_status":"closed","ping_status":"closed","template":"","meta":[],"_links":{"self":[{"href":"https:\/\/autoecolesabine.com\/index.php\/wp-json\/wp\/v2\/pages\/407"}],"collection":[{"href":"https:\/\/autoecolesabine.com\/index.php\/wp-json\/wp\/v2\/pages"}],"about":[{"href":"https:\/\/autoecolesabine.com\/index.php\/wp-json\/wp\/v2\/types\/page"}],"author":[{"embeddable":true,"href":"https:\/\/autoecolesabine.com\/index.php\/wp-json\/wp\/v2\/users\/1"}],"replies":[{"embeddable":true,"href":"https:\/\/autoecolesabine.com\/index.php\/wp-json\/wp\/v2\/comments?post=407"}],"version-history":[{"count":9,"href":"https:\/\/autoecolesabine.com\/index.php\/wp-json\/wp\/v2\/pages\/407\/revisions"}],"predecessor-version":[{"id":432,"href":"https:\/\/autoecolesabine.com\/index.php\/wp-json\/wp\/v2\/pages\/407\/revisions\/432"}],"wp:attachment":[{"href":"https:\/\/autoecolesabine.com\/index.php\/wp-json\/wp\/v2\/media?parent=407"}],"curies":[{"name":"wp","href":"https:\/\/api.w.org\/{rel}","templated":true}]}}