{"id":304,"date":"2021-10-30T20:46:22","date_gmt":"2021-10-30T18:46:22","guid":{"rendered":"http:\/\/autoecolesabine.com\/?page_id=304"},"modified":"2021-10-30T20:59:05","modified_gmt":"2021-10-30T18:59:05","slug":"situation-de-handicap","status":"publish","type":"page","link":"https:\/\/autoecolesabine.com\/index.php\/situation-de-handicap\/","title":{"rendered":"Situation de handicap"},"content":{"rendered":"\n<p style=\"text-align:center\"><a href=\"http:\/\/autoecolesabine.com\/wp-content\/uploads\/2021\/10\/Situation-handicap-01.pdf\">Accueil du public et liste des auto-\u00e9coles sp\u00e9cialis\u00e9es<\/a><\/p>\n<div id=\"themify_builder_content-304\" data-postid=\"304\" class=\"themify_builder_content themify_builder_content-304 themify_builder\">\n\n    <\/div>\n<!-- \/themify_builder_content -->","protected":false},"excerpt":{"rendered":"<p>Accueil du public et liste des auto-\u00e9coles sp\u00e9cialis\u00e9es<\/p>\n","protected":false},"author":1,"featured_media":0,"parent":0,"menu_order":0,"comment_status":"closed","ping_status":"closed","template":"","meta":[],"_links":{"self":[{"href":"https:\/\/autoecolesabine.com\/index.php\/wp-json\/wp\/v2\/pages\/304"}],"collection":[{"href":"https:\/\/autoecolesabine.com\/index.php\/wp-json\/wp\/v2\/pages"}],"about":[{"href":"https:\/\/autoecolesabine.com\/index.php\/wp-json\/wp\/v2\/types\/page"}],"author":[{"embeddable":true,"href":"https:\/\/autoecolesabine.com\/index.php\/wp-json\/wp\/v2\/users\/1"}],"replies":[{"embeddable":true,"href":"https:\/\/autoecolesabine.com\/index.php\/wp-json\/wp\/v2\/comments?post=304"}],"version-history":[{"count":13,"href":"https:\/\/autoecolesabine.com\/index.php\/wp-json\/wp\/v2\/pages\/304\/revisions"}],"predecessor-version":[{"id":323,"href":"https:\/\/autoecolesabine.com\/index.php\/wp-json\/wp\/v2\/pages\/304\/revisions\/323"}],"wp:attachment":[{"href":"https:\/\/autoecolesabine.com\/index.php\/wp-json\/wp\/v2\/media?parent=304"}],"curies":[{"name":"wp","href":"https:\/\/api.w.org\/{rel}","templated":true}]}}