{"id":30,"date":"2017-08-10T16:07:54","date_gmt":"2017-08-10T14:07:54","guid":{"rendered":"http:\/\/autoecolesabine.com\/?page_id=30"},"modified":"2024-04-18T10:08:37","modified_gmt":"2024-04-18T08:08:37","slug":"formalites","status":"publish","type":"page","link":"https:\/\/autoecolesabine.com\/index.php\/formalites\/","title":{"rendered":"Pi\u00e8ces \u00e0 fournir"},"content":{"rendered":"<h2 style=\"text-align: center;\"><strong>Pi\u00e8ces a fournir<\/strong><\/h2>\n<p style=\"text-align: left;\"><strong>Pi\u00e8ce d\u2019identit\u00e9 de l\u2019\u00e9l\u00e8ve recto\/verso<\/strong><\/p>\n<p style=\"text-align: left;\"><strong>Permis (AM ou autre) recto\/verso<\/strong><\/p>\n<p style=\"text-align: left;\"><strong>Recensement (si 16 ans) ou JDC\/Convocation JDC (si 17 ans et +)<\/strong><\/p>\n<p style=\"text-align: left;\"><strong>Pi\u00e8ce d\u2019identit\u00e9 d\u2019un parent recto\/verso si l\u2019\u00e9l\u00e8ve est mineur<\/strong><\/p>\n<p style=\"text-align: left;\"><strong>Copie du livret de famille (si le nom est diff\u00e9rent de l\u2019\u00e9l\u00e8ve)<\/strong><\/p>\n<p style=\"text-align: left;\"><strong>1 justificatif de domicile de moins de 6 mois (EDF, &#8230;)<\/strong><\/p>\n<p style=\"text-align: left;\"><strong>1 attestation d\u2019h\u00e9bergement (si le justificatif n\u2019est pas au nom de l\u2019\u00e9l\u00e8ve)<\/strong><\/p>\n<p style=\"text-align: left;\"><strong>Pi\u00e8ce d\u2019identit\u00e9 de l\u2019h\u00e9bergeur<\/strong><\/p>\n<p style=\"text-align: left;\"><strong>Photo d\u2019identit\u00e9 biom\u00e9trique avec signature num\u00e9rique (Agr\u00e9\u00e9 ANTS)<br \/>\n<\/strong><\/p>\n<p><strong>ASSR 2<\/strong><\/p>\n<p style=\"text-align: center;\">&#8212;&#8212;&#8212;&#8212;&#8212;&#8212;&#8212;&#8212;&#8212;&#8212;&#8212;&#8212;&#8212;&#8212;&#8212;&#8212;&#8212;&#8212;&#8212;&#8212;&#8212;&#8212;&#8212;&#8212;&#8212;&#8212;&#8212;&#8212;<\/p>\n<p style=\"text-align: center;\"><strong>Vous pouvez scanner toutes les pi\u00e8ces en recto\/verso et l\u2019envoyer \u00e0 l\u2019adresse mail suivante :<\/strong><\/p>\n<h5 style=\"text-align: center;\"><strong>auto-ecole-sabine@orange.fr<\/strong><\/h5>\n<p style=\"text-align: center;\"><a href=\"http:\/\/autoecolesabine.com\/wp-content\/uploads\/2019\/01\/Reglement-interieur-auto-ecole-1.rtf\">R\u00e8glement int\u00e9rieur de l&rsquo;auto-\u00e9cole<\/a><\/p>\n<div id=\"themify_builder_content-30\" data-postid=\"30\" class=\"themify_builder_content themify_builder_content-30 themify_builder\">\n\n    <\/div>\n<!-- \/themify_builder_content -->","protected":false},"excerpt":{"rendered":"<p>Pi\u00e8ces a fournir Pi\u00e8ce d\u2019identit\u00e9 de l\u2019\u00e9l\u00e8ve recto\/verso Permis (AM ou autre) recto\/verso Recensement (si 16 ans) ou JDC\/Convocation JDC (si 17 ans et +) Pi\u00e8ce d\u2019identit\u00e9 d\u2019un parent recto\/verso si l\u2019\u00e9l\u00e8ve est mineur Copie du livret de famille (si le nom est diff\u00e9rent de l\u2019\u00e9l\u00e8ve) 1 justificatif de domicile de moins de 6 mois [&hellip;]<\/p>\n","protected":false},"author":1,"featured_media":0,"parent":0,"menu_order":0,"comment_status":"open","ping_status":"closed","template":"","meta":[],"_links":{"self":[{"href":"https:\/\/autoecolesabine.com\/index.php\/wp-json\/wp\/v2\/pages\/30"}],"collection":[{"href":"https:\/\/autoecolesabine.com\/index.php\/wp-json\/wp\/v2\/pages"}],"about":[{"href":"https:\/\/autoecolesabine.com\/index.php\/wp-json\/wp\/v2\/types\/page"}],"author":[{"embeddable":true,"href":"https:\/\/autoecolesabine.com\/index.php\/wp-json\/wp\/v2\/users\/1"}],"replies":[{"embeddable":true,"href":"https:\/\/autoecolesabine.com\/index.php\/wp-json\/wp\/v2\/comments?post=30"}],"version-history":[{"count":24,"href":"https:\/\/autoecolesabine.com\/index.php\/wp-json\/wp\/v2\/pages\/30\/revisions"}],"predecessor-version":[{"id":379,"href":"https:\/\/autoecolesabine.com\/index.php\/wp-json\/wp\/v2\/pages\/30\/revisions\/379"}],"wp:attachment":[{"href":"https:\/\/autoecolesabine.com\/index.php\/wp-json\/wp\/v2\/media?parent=30"}],"curies":[{"name":"wp","href":"https:\/\/api.w.org\/{rel}","templated":true}]}}