{"id":269,"date":"2019-03-20T22:38:56","date_gmt":"2019-03-20T21:38:56","guid":{"rendered":"http:\/\/autoecolesabine.com\/?page_id=269"},"modified":"2019-03-20T23:05:10","modified_gmt":"2019-03-20T22:05:10","slug":"programme-de-formation-b-ba-cs","status":"publish","type":"page","link":"https:\/\/autoecolesabine.com\/index.php\/programme-de-formation-b-ba-cs\/","title":{"rendered":"Programme de formation B \/ BA \/ CS"},"content":{"rendered":"\n<p><strong>FORMATION THEORIQUE<\/strong><br>\nLa formation th\u00e9orique porte sur la connaissance des r\u00e8glements concernant la\ncirculation et la conduite d\u2019un v\u00e9hicule ainsi que sur le comportement du\nconducteur.<br>\nA l\u2019issue de sa formation, l\u2019\u00e9l\u00e8ve devra passer l\u2019examen th\u00e9orique g\u00e9n\u00e9ral\n(ETG)&nbsp;: il devra r\u00e9pondre \u00e0 40 questions et obtenir un minimum de 35\npoints pour \u00eatre re\u00e7u \u00e0 l\u2019examen.<br>\nSont exempt\u00e9s de l\u2019ETG, tout \u00e9l\u00e8ve d\u00e9j\u00e0 titulaire du code de la route depuis\nmoins de 5 ans ou titulaire du permis de conduire depuis moins de 5 ans.<\/p>\n\n\n\n<p><strong>FORMATION PRATIQUE<\/strong><br>\nCe n\u2019est qu\u2019apr\u00e8s obtention de l\u2019examen th\u00e9orique g\u00e9n\u00e9ral (ETG), que la\nformation pratique se d\u00e9roulera selon le planning \u00e9tabli selon les\ndisponibilit\u00e9s de l\u2019\u00e9tablissement et de l\u2019\u00e9l\u00e8ve.<br>\nUn minimum de 20 le\u00e7ons de conduite est obligatoire en boite m\u00e9canique, ou 13\nle\u00e7ons en boite automatique.<br>\nL\u2019\u00e9tablissement sera le point de d\u00e9part et d\u2019arriv\u00e9 de chaque le\u00e7on de\nconduite, sauf exception valid\u00e9e par le r\u00e9f\u00e9rent p\u00e9dagogique. <br>\nLa formation pratique porte sur la conduite d\u2019un v\u00e9hicule \u00e0 4 roues motoris\u00e9 et\nsur la sensibilisation aux diff\u00e9rents risques de la route. <br>\n4 comp\u00e9tences sont enseign\u00e9es et doivent \u00eatre acquises en fin de formation&nbsp;:<br>\n&#8211; Ma\u00eetriser le maniement du v\u00e9hicule dans un trafic faible ou nul<br>\n&#8211; Appr\u00e9hender la route et circuler dans des conditions normales<br>\n&#8211; Circuler dans des conditions difficiles et partager la route avec les autres\nusagers<br>\n&#8211; Pratiquer une conduite autonome, s\u00fbre et \u00e9conomique<\/p>\n\n\n\n<p><strong>PROGRAMME DE\nFORMATION REMC&nbsp;: 4 comp\u00e9tences globales<\/strong><\/p>\n<div id=\"themify_builder_content-269\" data-postid=\"269\" class=\"themify_builder_content themify_builder_content-269 themify_builder\">\n\n    <\/div>\n<!-- \/themify_builder_content -->","protected":false},"excerpt":{"rendered":"<p>FORMATION THEORIQUE La formation th\u00e9orique porte sur la connaissance des r\u00e8glements concernant la circulation et la conduite d\u2019un v\u00e9hicule ainsi que sur le comportement du conducteur. A l\u2019issue de sa formation, l\u2019\u00e9l\u00e8ve devra passer l\u2019examen th\u00e9orique g\u00e9n\u00e9ral (ETG)&nbsp;: il devra r\u00e9pondre \u00e0 40 questions et obtenir un minimum de 35 points pour \u00eatre re\u00e7u \u00e0 [&hellip;]<\/p>\n","protected":false},"author":1,"featured_media":0,"parent":0,"menu_order":0,"comment_status":"open","ping_status":"closed","template":"","meta":[],"_links":{"self":[{"href":"https:\/\/autoecolesabine.com\/index.php\/wp-json\/wp\/v2\/pages\/269"}],"collection":[{"href":"https:\/\/autoecolesabine.com\/index.php\/wp-json\/wp\/v2\/pages"}],"about":[{"href":"https:\/\/autoecolesabine.com\/index.php\/wp-json\/wp\/v2\/types\/page"}],"author":[{"embeddable":true,"href":"https:\/\/autoecolesabine.com\/index.php\/wp-json\/wp\/v2\/users\/1"}],"replies":[{"embeddable":true,"href":"https:\/\/autoecolesabine.com\/index.php\/wp-json\/wp\/v2\/comments?post=269"}],"version-history":[{"count":7,"href":"https:\/\/autoecolesabine.com\/index.php\/wp-json\/wp\/v2\/pages\/269\/revisions"}],"predecessor-version":[{"id":291,"href":"https:\/\/autoecolesabine.com\/index.php\/wp-json\/wp\/v2\/pages\/269\/revisions\/291"}],"wp:attachment":[{"href":"https:\/\/autoecolesabine.com\/index.php\/wp-json\/wp\/v2\/media?parent=269"}],"curies":[{"name":"wp","href":"https:\/\/api.w.org\/{rel}","templated":true}]}}