{"id":266,"date":"2019-03-20T22:38:14","date_gmt":"2019-03-20T21:38:14","guid":{"rendered":"http:\/\/autoecolesabine.com\/?page_id=266"},"modified":"2024-06-21T16:46:41","modified_gmt":"2024-06-21T14:46:41","slug":"parcours-de-formation","status":"publish","type":"page","link":"https:\/\/autoecolesabine.com\/index.php\/parcours-de-formation\/","title":{"rendered":"Parcours de formation"},"content":{"rendered":"\n<p><strong>Les enjeux de la formation \u00e0 la conduite<\/strong><br>L&rsquo;automobile est devenue un outil social indispensable pour une tr\u00e8s grande partie des jeunes de notre soci\u00e9t\u00e9.<br>Au-del\u00e0 du plaisir de conduire, l&rsquo;utilisation d&rsquo;une voiture est souvent indispensable pour les \u00e9tudes, le travail ou les loisirs. Rouler en s\u00e9curit\u00e9 est donc une n\u00e9cessit\u00e9 pour tous.<br>Les conducteurs d\u00e9butants repr\u00e9sentent une part trop importante des tu\u00e9s et des bless\u00e9s sur la route.<br>L&rsquo;effort engag\u00e9 doit \u00eatre poursuivi, notamment par le renforcement de l&rsquo;\u00e9ducation et de la formation.<br>Les accidents de la route ne sont pas li\u00e9s \u00e0 la fatalit\u00e9 et pour aider les nouveaux conducteurs \u00e0 se d\u00e9placer avec un risque faible et perdre la vie ou de la d\u00e9grader, un nouveau programme de formation est mis en place.<br>L&rsquo;objectif g\u00e9n\u00e9ral est d&rsquo;amener tout automobiliste d\u00e9butant \u00e0 la ma\u00eetrise de comp\u00e9tences en termes de savoir \u00eatre, savoirs, savoir-faire et savoir devenir.<\/p>\n\n\n\n<p>Apprendre \u00e0 conduire est une d\u00e9marche \u00e9ducative exigeante qui, demande \u00e0 l\u2019\u00e9l\u00e8ve de la concentration, de l\u2019assiduit\u00e9, de la motivation.<br> &nbsp;&nbsp; Le parcours qui vous est propos\u00e9 vous permettra de progresser dans votre formation pour vous amener en situation de r\u00e9ussite aux examens du permis de conduire.<br> &nbsp;&nbsp; En vous engageant dans cette formation \u00e0 la conduite \u00e0 la s\u00e9curit\u00e9 routi\u00e8re au travers de la signature du contrat, vous vous engagez \u00e0 suivre obligatoirement le parcours de formation suivant&nbsp;:<\/p>\n\n\n\n<p><strong>Parcours th\u00e9orique<\/strong><br>\n&nbsp;&nbsp; La formation th\u00e9orique qui porte sur\ndes questions \u00ab&nbsp;d\u2019entra\u00eenement au code&nbsp;\u00bb pourra \u00eatre suivi \u00e0 votre\nrythme soit dans les locaux de l\u2019\u00e9cole de conduite avec un support m\u00e9dia tel\nque DVD, Box ou avec un enseignant (v\u00e9rifier les heures de pr\u00e9sence de l\u2019enseignant\nsur la tableau d\u2019affichage) ou via internet (option d\u2019achat d\u2019acc\u00e8s).<br>\n&nbsp;&nbsp; La formation portant sur des\nth\u00e9matiques sp\u00e9cifiques se d\u00e9roule collectivement, dans les locaux de l\u2019\u00e9cole\nde conduite, et est dispens\u00e9e en pr\u00e9sence d\u2019un enseignant de la conduite et de\nla s\u00e9curit\u00e9 routi\u00e8re titulaire d\u2019une autorisation d\u2019enseigner en cours de\nvalidit\u00e9.<br>\n&nbsp;&nbsp; Cinq th\u00e9matiques sont propos\u00e9es, vous\ndevez obligatoirement assister \u00e0 ces cinq cours.<br>\n&nbsp;&nbsp; En fonction de votre emploi du temps,\nvous venez au cours \u00e0 votre rythme. Pensez \u00e0 v\u00e9rifier les jours, les horaires\net les th\u00e9matiques sur le tableau d\u2019affichage.<\/p>\n\n\n\n<p><strong>Parcours pratique<\/strong><br>\n&nbsp;&nbsp; Pour que l\u2019apprentissage de la\nconduite et de la s\u00e9curit\u00e9 routi\u00e8re prenne tout son sens, la formation se\nd\u00e9roule sous le format de l\u2019alternance.<br>\n&nbsp;&nbsp; Pendant la phase pratique, vous serez\namen\u00e9 \u00e0 circuler&nbsp;:<br>\n&nbsp;&nbsp; &#8211; en ville&nbsp;;<br>\n&nbsp;&nbsp; &#8211; en rase campagne&nbsp;;<br>\n&nbsp;&nbsp; &#8211; sur autoroute&nbsp;;<br>\n&nbsp;&nbsp; &#8211; de nuit (le\u00e7ons prises en hiver).<\/p>\n\n\n\n<p>&nbsp;&nbsp; Un voyage \u00e9cole\nvous sera propos\u00e9.<br>\n&nbsp;&nbsp; En quoi consiste un voyage \u00e9cole&nbsp;?\nIl permet de partir en groupe de trois \u00e9l\u00e8ves qui conduisent \u00e0 tour de r\u00f4le sur\nune demi-journ\u00e9e ou une journ\u00e9e.<br>\n&nbsp;&nbsp; Avant de partir, les \u00e9l\u00e8ves pr\u00e9parent\nau pr\u00e9alable l\u2019itin\u00e9raire.<br>\n&nbsp;&nbsp; Ces voyages permettent d\u2019apprendre \u00e0\nlire une carte, d\u2019utiliser un GPS, de favoriser l\u2019autonomie, d\u2019apprendre en observant\nles autres \u00e9l\u00e8ves.<br>\n&nbsp;&nbsp; De l\u2019\u00e9coute p\u00e9dagogique vous sera\npropos\u00e9e.<\/p>\n\n\n\n<p>&nbsp;&nbsp; En quoi consiste l\u2019\u00e9coute p\u00e9dagogique&nbsp;? Pendant qu\u2019un \u00e9l\u00e8ve conduit, vous l\u2019observez, vous \u00e9coutez les explications et les conseils de l\u2019enseignant et vous participez de mani\u00e8re active en faisant part de vos observations et de vos r\u00e9flexions.<\/p>\n\n\n\n<p class=\"has-text-align-center\"><strong>>>><\/strong><a href=\"https:\/\/autoecolesabine.com\/wp-content\/uploads\/2024\/06\/1.2-enjeux.pdf\" data-type=\"attachment\" data-id=\"398\"><strong>T\u00e9l\u00e9charger les enjeux<\/strong><\/a><strong>&lt;&lt;&lt;<\/strong><\/p>\n<div id=\"themify_builder_content-266\" data-postid=\"266\" class=\"themify_builder_content themify_builder_content-266 themify_builder\">\n\n    <\/div>\n<!-- \/themify_builder_content -->","protected":false},"excerpt":{"rendered":"<p>Les enjeux de la formation \u00e0 la conduiteL&rsquo;automobile est devenue un outil social indispensable pour une tr\u00e8s grande partie des jeunes de notre soci\u00e9t\u00e9.Au-del\u00e0 du plaisir de conduire, l&rsquo;utilisation d&rsquo;une voiture est souvent indispensable pour les \u00e9tudes, le travail ou les loisirs. Rouler en s\u00e9curit\u00e9 est donc une n\u00e9cessit\u00e9 pour tous.Les conducteurs d\u00e9butants repr\u00e9sentent une [&hellip;]<\/p>\n","protected":false},"author":1,"featured_media":0,"parent":0,"menu_order":0,"comment_status":"open","ping_status":"closed","template":"","meta":[],"_links":{"self":[{"href":"https:\/\/autoecolesabine.com\/index.php\/wp-json\/wp\/v2\/pages\/266"}],"collection":[{"href":"https:\/\/autoecolesabine.com\/index.php\/wp-json\/wp\/v2\/pages"}],"about":[{"href":"https:\/\/autoecolesabine.com\/index.php\/wp-json\/wp\/v2\/types\/page"}],"author":[{"embeddable":true,"href":"https:\/\/autoecolesabine.com\/index.php\/wp-json\/wp\/v2\/users\/1"}],"replies":[{"embeddable":true,"href":"https:\/\/autoecolesabine.com\/index.php\/wp-json\/wp\/v2\/comments?post=266"}],"version-history":[{"count":11,"href":"https:\/\/autoecolesabine.com\/index.php\/wp-json\/wp\/v2\/pages\/266\/revisions"}],"predecessor-version":[{"id":402,"href":"https:\/\/autoecolesabine.com\/index.php\/wp-json\/wp\/v2\/pages\/266\/revisions\/402"}],"wp:attachment":[{"href":"https:\/\/autoecolesabine.com\/index.php\/wp-json\/wp\/v2\/media?parent=266"}],"curies":[{"name":"wp","href":"https:\/\/api.w.org\/{rel}","templated":true}]}}