{"id":221,"date":"2019-01-22T22:38:38","date_gmt":"2019-01-22T21:38:38","guid":{"rendered":"http:\/\/autoecolesabine.com\/?page_id=221"},"modified":"2025-01-27T20:59:41","modified_gmt":"2025-01-27T19:59:41","slug":"boite-automatique","status":"publish","type":"page","link":"https:\/\/autoecolesabine.com\/index.php\/boite-automatique\/","title":{"rendered":"Bo\u00eete automatique"},"content":{"rendered":"\n<h2><strong><em>Forfait B 13h<\/em><\/strong><\/h2>\n\n\n\n<p><strong>Inscription auto \u00e9cole, inscription sur ANTS<br> \u00c9valuation de d\u00e9part B<br> Livre de code, livrets p\u00e9dagogique<br> Adh\u00e9sif A<br> &nbsp;Code en salle\/th\u00e9matique et sur internet illimit\u00e9<\/strong><br> <strong> Heures de conduite<\/strong><br> <strong> Pr\u00e9sentation examen de conduite<\/strong><\/p>\n\n\n\n<h2><strong><em>Forfait AAC 18h<\/em><\/strong><\/h2>\n\n\n\n<p><strong>Inscription \u2013 Code en salle\/th\u00e9matique et sur internet illimit\u00e9<br> \u00c9valuation de d\u00e9part B<br> Livre de code, livrets p\u00e9dagogique<br> Adh\u00e9sif A + Conduite Accompagn\u00e9e<\/strong><br> <strong> 15 Heures de conduite + 1h offerte et 4 heures th\u00e9oriques<\/strong><br> <strong> 1 rendez vous pr\u00e9alable<\/strong><br> <strong> 2 Rendez-vous p\u00e9dagogiques<\/strong><br> <strong> Pr\u00e9sentation examen de conduite<\/strong><\/p>\n\n\n\n<h3><em><strong>Les Avantages<\/strong><\/em><\/h3>\n\n\n\n<ul>\n<li>Formation plus simple et moins ch\u00e8re<\/li>\n\n\n\n<li>Forfait minimum 13h<\/li>\n\n\n\n<li>Permis qui vous donne le droit de ne conduire que des v\u00e9hicules boite automatique et peut-\u00eatre changer en B \u00ab\u00a0Manuelle\u00a0\u00bb apr\u00e8s une formation de 7 heures en auto-\u00e9cole<\/li>\n\n\n\n<li>C&rsquo;est l&rsquo;attestation de fin de formation qui vous permettra d&rsquo;obtenir le permis d\u00e9finitif<\/li>\n<\/ul>\n<div id=\"themify_builder_content-221\" data-postid=\"221\" class=\"themify_builder_content themify_builder_content-221 themify_builder\">\n\n    <\/div>\n<!-- \/themify_builder_content -->","protected":false},"excerpt":{"rendered":"<p>Forfait B 13h Inscription auto \u00e9cole, inscription sur ANTS \u00c9valuation de d\u00e9part B Livre de code, livrets p\u00e9dagogique Adh\u00e9sif A &nbsp;Code en salle\/th\u00e9matique et sur internet illimit\u00e9 Heures de conduite Pr\u00e9sentation examen de conduite Forfait AAC 18h Inscription \u2013 Code en salle\/th\u00e9matique et sur internet illimit\u00e9 \u00c9valuation de d\u00e9part B Livre de code, livrets p\u00e9dagogique [&hellip;]<\/p>\n","protected":false},"author":1,"featured_media":0,"parent":0,"menu_order":0,"comment_status":"open","ping_status":"closed","template":"","meta":[],"_links":{"self":[{"href":"https:\/\/autoecolesabine.com\/index.php\/wp-json\/wp\/v2\/pages\/221"}],"collection":[{"href":"https:\/\/autoecolesabine.com\/index.php\/wp-json\/wp\/v2\/pages"}],"about":[{"href":"https:\/\/autoecolesabine.com\/index.php\/wp-json\/wp\/v2\/types\/page"}],"author":[{"embeddable":true,"href":"https:\/\/autoecolesabine.com\/index.php\/wp-json\/wp\/v2\/users\/1"}],"replies":[{"embeddable":true,"href":"https:\/\/autoecolesabine.com\/index.php\/wp-json\/wp\/v2\/comments?post=221"}],"version-history":[{"count":30,"href":"https:\/\/autoecolesabine.com\/index.php\/wp-json\/wp\/v2\/pages\/221\/revisions"}],"predecessor-version":[{"id":445,"href":"https:\/\/autoecolesabine.com\/index.php\/wp-json\/wp\/v2\/pages\/221\/revisions\/445"}],"wp:attachment":[{"href":"https:\/\/autoecolesabine.com\/index.php\/wp-json\/wp\/v2\/media?parent=221"}],"curies":[{"name":"wp","href":"https:\/\/api.w.org\/{rel}","templated":true}]}}