{"id":13,"date":"2017-08-10T12:30:09","date_gmt":"2017-08-10T10:30:09","guid":{"rendered":"http:\/\/autoecolesabine.com\/?page_id=13"},"modified":"2025-10-19T17:10:56","modified_gmt":"2025-10-19T15:10:56","slug":"tarifs","status":"publish","type":"page","link":"https:\/\/autoecolesabine.com\/index.php\/tarifs\/","title":{"rendered":"Forfaits &#038; Tarifs"},"content":{"rendered":"<h2 style=\"text-align: center;\"><strong><em>Classique (d\u00e8s 17 ans)<\/em><\/strong><\/h2>\n<h3 style=\"text-align: center;\">Forfait B &#8211; Manuelle &#8211; 20 Heures :<strong> 1360\u20ac<br \/>\n<\/strong>Forfait B &#8211; Bo\u00eete Automatique &#8211; 13 Heures :<strong> 1120\u20ac<\/strong><\/h3>\n<p style=\"text-align: center;\"><strong>&#8212;&#8212;&#8212;&#8212;&#8212;&#8212;&#8212;&#8212;&#8212;&#8212;&#8212;&#8212;&#8212;&#8212;&#8212;&#8212;&#8212;&#8212;&#8212;-<\/strong><\/p>\n<p style=\"text-align: center;\"><strong>Inscription auto \u00e9cole, inscription sur ANTS<br \/>\n<\/strong><strong>\u00c9valuation de d\u00e9part B<br \/>\nLivre de code, livrets p\u00e9dagogique<br \/>\nAdh\u00e9sif A<br \/>\n<\/strong><strong>\u00a0Code en salle\/th\u00e9matique et sur internet illimit\u00e9<\/strong><br \/>\n<strong> Heures de conduite<\/strong><br \/>\n<strong> Pr\u00e9sentation examen de conduite<br \/>\n<\/strong><\/p>\n<h2 style=\"text-align: center;\"><strong><em>Conduite accompagn\u00e9e (d\u00e8s 15 ans)<\/em><\/strong><\/h2>\n<h3 style=\"text-align: center;\">Forfait AAC &#8211; Manuelle &#8211; 25 Heures : <strong>1550\u20ac<br \/>\n<\/strong>Forfait AAC &#8211; Bo\u00eete Automatique &#8211; 18 Heures :<strong> 1350\u20ac<\/strong><\/h3>\n<p style=\"text-align: center;\"><strong>&#8212;&#8212;&#8212;&#8212;&#8212;&#8212;&#8212;&#8212;&#8212;&#8212;&#8212;&#8212;&#8212;&#8212;&#8212;&#8212;&#8212;&#8212;&#8212;-<\/strong><\/p>\n<p style=\"text-align: center;\"><strong>Inscription &#8211; Code en salle\/th\u00e9matique et sur internet illimit\u00e9<br \/>\n<\/strong><strong>\u00c9valuation de d\u00e9part B<br \/>\nLivre de code, livrets p\u00e9dagogique<br \/>\nAdh\u00e9sif A + Conduite Accompagn\u00e9e<\/strong><br \/>\n<strong> 24 Heures de conduite + 1h offerte et 4 heures th\u00e9oriques<\/strong><br \/>\n<strong> 1 rendez vous pr\u00e9alable<\/strong><br \/>\n<strong> 2 Rendez-vous p\u00e9dagogiques<\/strong><br \/>\n<strong> Pr\u00e9sentation examen de conduite<br \/>\n<\/strong><\/p>\n<h4 style=\"text-align: center;\"><strong>Prise en charge des \u00e9l\u00e8ves \u00e0 domicile de 8h \u00e0 20h<\/strong><\/h4>\n<p style=\"text-align: center;\"><em><strong>Autres prestations<\/strong><\/em><\/p>\n<p style=\"text-align: center;\"><strong>&#8211; Heure suppl\u00e9mentaire : 55\u20ac &#8211;\u00a0 Acc\u00e8s code sur internet : 45\u20ac<br \/>\n&#8211; \u00c9valuation du niveau de conduite : 55\u20ac &#8211; Frais de dossier : 45\u20ac<\/strong><\/p>\n<p style=\"text-align: center;\"><strong>La taxe \u00e0 l\u2019examen du Code est de 30\u20ac, payable directement sur le site du prestataire :<br \/>\n<\/strong><strong>Laposte, objectifcode, codengo, etc.<br \/>\n<\/strong><\/p>\n<h5 style=\"text-align: center;\"><em><strong>CB et facilit\u00e9s de paiement, paiement 4 fois sans frais, ch\u00e8ques, esp\u00e8ces.<br \/>\n<\/strong><\/em><\/h5>\n<p style=\"text-align: center;\"><em><strong>Partenaire R\u00e9gion Occitanie et permis 1euro\/jour\u00a0<\/strong><\/em><\/p>\n<p style=\"text-align: center;\"><em><strong>\u00a0<img decoding=\"async\" loading=\"lazy\" class=\"alignnone wp-image-122\" src=\"http:\/\/autoecolesabine.com\/wp-content\/uploads\/2018\/04\/Permis_1euro-300x155.jpg\" alt=\"\" width=\"121\" height=\"63\" srcset=\"https:\/\/autoecolesabine.com\/wp-content\/uploads\/2018\/04\/Permis_1euro-300x155.jpg 300w, https:\/\/autoecolesabine.com\/wp-content\/uploads\/2018\/04\/Permis_1euro.jpg 448w\" sizes=\"(max-width: 121px) 100vw, 121px\" \/>\u00a0\u00a0<img decoding=\"async\" loading=\"lazy\" class=\"alignnone wp-image-117\" src=\"http:\/\/autoecolesabine.com\/wp-content\/uploads\/2018\/03\/C3vDcLvXAAA4daQ-300x300.jpg\" alt=\"\" width=\"64\" height=\"64\" srcset=\"https:\/\/autoecolesabine.com\/wp-content\/uploads\/2018\/03\/C3vDcLvXAAA4daQ-300x300.jpg 300w, https:\/\/autoecolesabine.com\/wp-content\/uploads\/2018\/03\/C3vDcLvXAAA4daQ-150x150.jpg 150w, https:\/\/autoecolesabine.com\/wp-content\/uploads\/2018\/03\/C3vDcLvXAAA4daQ-768x768.jpg 768w, https:\/\/autoecolesabine.com\/wp-content\/uploads\/2018\/03\/C3vDcLvXAAA4daQ-1024x1024.jpg 1024w, https:\/\/autoecolesabine.com\/wp-content\/uploads\/2018\/03\/C3vDcLvXAAA4daQ.jpg 1200w\" sizes=\"(max-width: 64px) 100vw, 64px\" \/>\u00a0\u00a0<\/strong><\/em><em><strong><img decoding=\"async\" loading=\"lazy\" class=\"alignnone wp-image-140\" src=\"http:\/\/autoecolesabine.com\/wp-content\/uploads\/2018\/04\/logo-cb-300x214.jpg\" alt=\"\" width=\"86\" height=\"61\" srcset=\"https:\/\/autoecolesabine.com\/wp-content\/uploads\/2018\/04\/logo-cb-300x214.jpg 300w, https:\/\/autoecolesabine.com\/wp-content\/uploads\/2018\/04\/logo-cb.jpg 580w\" sizes=\"(max-width: 86px) 100vw, 86px\" \/><br \/>\n<\/strong><\/em><\/p>\n<p style=\"text-align: center;\"><em><strong><img decoding=\"async\" loading=\"lazy\" class=\"alignnone  wp-image-301\" src=\"http:\/\/autoecolesabine.com\/wp-content\/uploads\/2021\/10\/logo-cpf-300x155.png\" alt=\"\" width=\"124\" height=\"64\" srcset=\"https:\/\/autoecolesabine.com\/wp-content\/uploads\/2021\/10\/logo-cpf-300x155.png 300w, https:\/\/autoecolesabine.com\/wp-content\/uploads\/2021\/10\/logo-cpf.png 350w\" sizes=\"(max-width: 124px) 100vw, 124px\" \/> <img decoding=\"async\" loading=\"lazy\" class=\"alignnone  wp-image-300\" src=\"http:\/\/autoecolesabine.com\/wp-content\/uploads\/2021\/10\/logo-pole-emploi-300x249.png\" alt=\"\" width=\"94\" height=\"78\" \/><\/strong><\/em><\/p>\n<div id=\"themify_builder_content-13\" data-postid=\"13\" class=\"themify_builder_content themify_builder_content-13 themify_builder\">\n\n    <\/div>\n<!-- \/themify_builder_content -->","protected":false},"excerpt":{"rendered":"<p>Classique (d\u00e8s 17 ans) Forfait B &#8211; Manuelle &#8211; 20 Heures : 1360\u20ac Forfait B &#8211; Bo\u00eete Automatique &#8211; 13 Heures : 1120\u20ac &#8212;&#8212;&#8212;&#8212;&#8212;&#8212;&#8212;&#8212;&#8212;&#8212;&#8212;&#8212;&#8212;&#8212;&#8212;&#8212;&#8212;&#8212;&#8212;- Inscription auto \u00e9cole, inscription sur ANTS \u00c9valuation de d\u00e9part B Livre de code, livrets p\u00e9dagogique Adh\u00e9sif A \u00a0Code en salle\/th\u00e9matique et sur internet illimit\u00e9 Heures de conduite Pr\u00e9sentation examen de conduite [&hellip;]<\/p>\n","protected":false},"author":1,"featured_media":0,"parent":0,"menu_order":0,"comment_status":"open","ping_status":"closed","template":"","meta":[],"_links":{"self":[{"href":"https:\/\/autoecolesabine.com\/index.php\/wp-json\/wp\/v2\/pages\/13"}],"collection":[{"href":"https:\/\/autoecolesabine.com\/index.php\/wp-json\/wp\/v2\/pages"}],"about":[{"href":"https:\/\/autoecolesabine.com\/index.php\/wp-json\/wp\/v2\/types\/page"}],"author":[{"embeddable":true,"href":"https:\/\/autoecolesabine.com\/index.php\/wp-json\/wp\/v2\/users\/1"}],"replies":[{"embeddable":true,"href":"https:\/\/autoecolesabine.com\/index.php\/wp-json\/wp\/v2\/comments?post=13"}],"version-history":[{"count":31,"href":"https:\/\/autoecolesabine.com\/index.php\/wp-json\/wp\/v2\/pages\/13\/revisions"}],"predecessor-version":[{"id":444,"href":"https:\/\/autoecolesabine.com\/index.php\/wp-json\/wp\/v2\/pages\/13\/revisions\/444"}],"wp:attachment":[{"href":"https:\/\/autoecolesabine.com\/index.php\/wp-json\/wp\/v2\/media?parent=13"}],"curies":[{"name":"wp","href":"https:\/\/api.w.org\/{rel}","templated":true}]}}