{"id":127,"date":"2018-04-08T16:01:11","date_gmt":"2018-04-08T14:01:11","guid":{"rendered":"http:\/\/autoecolesabine.com\/?page_id=127"},"modified":"2024-06-21T16:36:22","modified_gmt":"2024-06-21T14:36:22","slug":"conduite-accompagnee","status":"publish","type":"page","link":"https:\/\/autoecolesabine.com\/index.php\/conduite-accompagnee\/","title":{"rendered":"Conduite accompagn\u00e9e"},"content":{"rendered":"<h1 style=\"text-align: center;\"><em>Les avantages<\/em><\/h1>\n<p style=\"text-align: center;\">&#8211; Conduite d\u00e8s 15 ans<\/p>\n<p style=\"text-align: center;\">&#8211; Taux de r\u00e9ussite au permis sup\u00e9rieur \u00e0 la premi\u00e8re pr\u00e9sentation<\/p>\n<p style=\"text-align: center;\">&#8211; P\u00e9riode probatoire de 2 ans au lieu de 3 ans<\/p>\n<p style=\"text-align: center;\">&#8211; Tarifs r\u00e9duits en assurance<\/p>\n<p style=\"text-align: center;\">&#8211; Moins d&rsquo;accidents car plus d&rsquo;exp\u00e9rience de conduite<\/p>\n<p style=\"text-align: center;\"><a href=\"http:\/\/autoecolesabine.com\/wp-content\/uploads\/2018\/05\/explication-conduite-accompagn\u00e9e.pdf\"><strong>&gt;&gt;&gt;Plus d&rsquo;informations sur ce lien&lt;&lt;&lt;<\/strong><\/a><\/p>\n<p style=\"text-align: center;\"><strong>Les accompagnateurs doivent avoir 5 ans de permis sans annulation<\/strong><\/p>\n<p><img decoding=\"async\" loading=\"lazy\" class=\"aligncenter\" src=\"https:\/\/static.wixstatic.com\/media\/b59f8e_54de506c1af1493ba5629c9bcf80a9ad~mv2.png\/v1\/fill\/w_560,h_560,al_c,lg_1,q_85,enc_auto\/Conduite_accompagnee.png\" alt=\"Permis AAC | Auto Ecole Maeva\" width=\"200\" height=\"200\" \/><\/p>\n<div id=\"themify_builder_content-127\" data-postid=\"127\" class=\"themify_builder_content themify_builder_content-127 themify_builder\">\n\n    <\/div>\n<!-- \/themify_builder_content -->","protected":false},"excerpt":{"rendered":"<p>Les avantages &#8211; Conduite d\u00e8s 15 ans &#8211; Taux de r\u00e9ussite au permis sup\u00e9rieur \u00e0 la premi\u00e8re pr\u00e9sentation &#8211; P\u00e9riode probatoire de 2 ans au lieu de 3 ans &#8211; Tarifs r\u00e9duits en assurance &#8211; Moins d&rsquo;accidents car plus d&rsquo;exp\u00e9rience de conduite &gt;&gt;&gt;Plus d&rsquo;informations sur ce lien&lt;&lt;&lt; Les accompagnateurs doivent avoir 5 ans de permis [&hellip;]<\/p>\n","protected":false},"author":1,"featured_media":0,"parent":0,"menu_order":0,"comment_status":"open","ping_status":"closed","template":"","meta":[],"_links":{"self":[{"href":"https:\/\/autoecolesabine.com\/index.php\/wp-json\/wp\/v2\/pages\/127"}],"collection":[{"href":"https:\/\/autoecolesabine.com\/index.php\/wp-json\/wp\/v2\/pages"}],"about":[{"href":"https:\/\/autoecolesabine.com\/index.php\/wp-json\/wp\/v2\/types\/page"}],"author":[{"embeddable":true,"href":"https:\/\/autoecolesabine.com\/index.php\/wp-json\/wp\/v2\/users\/1"}],"replies":[{"embeddable":true,"href":"https:\/\/autoecolesabine.com\/index.php\/wp-json\/wp\/v2\/comments?post=127"}],"version-history":[{"count":10,"href":"https:\/\/autoecolesabine.com\/index.php\/wp-json\/wp\/v2\/pages\/127\/revisions"}],"predecessor-version":[{"id":395,"href":"https:\/\/autoecolesabine.com\/index.php\/wp-json\/wp\/v2\/pages\/127\/revisions\/395"}],"wp:attachment":[{"href":"https:\/\/autoecolesabine.com\/index.php\/wp-json\/wp\/v2\/media?parent=127"}],"curies":[{"name":"wp","href":"https:\/\/api.w.org\/{rel}","templated":true}]}}